{"id":2909,"date":"2020-10-04T19:37:17","date_gmt":"2020-10-04T19:37:17","guid":{"rendered":"http:\/\/lucilius-interim.de\/datenschutzerklaerung-copy\/"},"modified":"2021-09-08T12:14:13","modified_gmt":"2021-09-08T12:14:13","slug":"blog","status":"publish","type":"page","link":"https:\/\/lucilius-interim.com\/en\/blog\/","title":{"rendered":"Blog"},"content":{"rendered":"<p>[et_pb_section fb_built=&#8221;1&#8243; admin_label=&#8221;Hero&#8221; _builder_version=&#8221;4.6.6&#8243; background_color=&#8221;#079fb3&#8243; background_color_gradient_direction=&#8221;138deg&#8221; background_enable_image=&#8221;off&#8221; background_position=&#8221;top_right&#8221; custom_padding=&#8221;150px|0px|0px|0px|false|false&#8221; animation_direction=&#8221;top&#8221; locked=&#8221;off&#8221; global_colors_info=&#8221;{}&#8221;][et_pb_row column_structure=&#8221;3_5,2_5&#8243; use_custom_gutter=&#8221;on&#8221; gutter_width=&#8221;2&#8243; _builder_version=&#8221;4.6.6&#8243; background_size=&#8221;initial&#8221; background_position=&#8221;top_left&#8221; background_repeat=&#8221;repeat&#8221; min_height=&#8221;92px&#8221; custom_margin=&#8221;-95px|auto||auto||&#8221; custom_padding=&#8221;16px||30px|||&#8221; animation_style=&#8221;fade&#8221; custom_width_px=&#8221;1280px&#8221; global_colors_info=&#8221;{}&#8221;][et_pb_column type=&#8221;3_5&#8243; _builder_version=&#8221;3.25&#8243; custom_padding=&#8221;|||&#8221; global_colors_info=&#8221;{}&#8221; custom_padding__hover=&#8221;|||&#8221;][et_pb_text _builder_version=&#8221;4.10.6&#8243; _module_preset=&#8221;default&#8221; text_text_color=&#8221;rgba(255,255,255,0.82)&#8221; text_font_size=&#8221;17px&#8221; text_line_height=&#8221;1.8em&#8221; header_font=&#8221;|600|||||||&#8221; header_text_color=&#8221;#ffffff&#8221; header_font_size=&#8221;47px&#8221; header_2_font=&#8221;||||||||&#8221; header_2_text_color=&#8221;#bababa&#8221; width=&#8221;85%&#8221; custom_margin=&#8221;||5%||false|false&#8221; custom_padding=&#8221;50px|||||&#8221; hover_enabled=&#8221;0&#8243; global_colors_info=&#8221;{}&#8221; sticky_enabled=&#8221;0&#8243;]<\/p>\n<h1>Blog<span style=\"font-size: 16px;\">\u00a0<\/span><\/h1>\n<p>\u00bb Hier finden Sie Meinungen, Ideen und Programmatisches zum Themenkreis Finanzielle F\u00fchrung \u2013 Restrukturierung \u2013 Finance Upgrade &amp; Transformation und zu angrenzenden unternehmerischen Fachgebieten. \u00ab<\/p>\n<p>[\/et_pb_text][et_pb_button button_url=&#8221;#mehr_erfahren&#8221; button_text=&#8221;Alle Blogbeitr\u00e4ge ansehen&#8221; _builder_version=&#8221;4.6.6&#8243; _module_preset=&#8221;default&#8221; custom_button=&#8221;on&#8221; button_text_color=&#8221;#079fb3&#8243; button_bg_color=&#8221;#ffffff&#8221; button_border_width=&#8221;0px&#8221; button_font=&#8221;|600|||||||&#8221; button_icon=&#8221;%%18%%&#8221; global_colors_info=&#8221;{}&#8221;][\/et_pb_button][\/et_pb_column][et_pb_column type=&#8221;2_5&#8243; _builder_version=&#8221;3.25&#8243; custom_padding=&#8221;|||&#8221; global_colors_info=&#8221;{}&#8221; custom_padding__hover=&#8221;|||&#8221;][\/et_pb_column][\/et_pb_row][\/et_pb_section][et_pb_section fb_built=&#8221;1&#8243; module_id=&#8221;mehr_erfahren&#8221; _builder_version=&#8221;4.6.6&#8243; _module_preset=&#8221;default&#8221; background_color=&#8221;#f2f2f2&#8243; global_colors_info=&#8221;{}&#8221;][et_pb_row _builder_version=&#8221;4.6.5&#8243; _module_preset=&#8221;default&#8221; global_colors_info=&#8221;{}&#8221;][et_pb_column type=&#8221;4_4&#8243; _builder_version=&#8221;4.6.5&#8243; _module_preset=&#8221;default&#8221; global_colors_info=&#8221;{}&#8221;][et_pb_blog fullwidth=&#8221;off&#8221; posts_number=&#8221;15&#8243; meta_date=&#8221;j. F Y&#8221; excerpt_length=&#8221;120&#8243; show_author=&#8221;off&#8221; use_overlay=&#8221;on&#8221; overlay_icon_color=&#8221;#079fb3&#8243; hover_overlay_color=&#8221;rgba(51,153,255,0.34)&#8221; disabled_on=&#8221;off|off|off&#8221; module_class=&#8221;et_blog_grid_equal_height&#8221; _builder_version=&#8221;4.6.6&#8243; header_font=&#8221;Roboto|600|||||||&#8221; header_font_size=&#8221;14px&#8221; header_line_height=&#8221;1.3em&#8221; body_font=&#8221;Lato||||||||&#8221; meta_font=&#8221;Lato|600|||||||&#8221; meta_text_color=&#8221;#079fb3&#8243; meta_font_size=&#8221;13px&#8221; pagination_font_size=&#8221;14px&#8221; header_font_size_tablet=&#8221;15px&#8221; header_font_size_phone=&#8221;14px&#8221; header_font_size_last_edited=&#8221;off|desktop&#8221; custom_css_title=&#8221;padding-left: 8px;||padding-right: 8px;&#8221; custom_css_content=&#8221;padding-left: 8px;||padding-right: 8px;&#8221; custom_css_post_meta=&#8221;padding-left: 8px;||padding-right: 8px;&#8221; border_width_all=&#8221;0px&#8221; locked=&#8221;off&#8221; global_colors_info=&#8221;{}&#8221;][\/et_pb_blog][\/et_pb_column][\/et_pb_row][\/et_pb_section][et_pb_section fb_built=&#8221;1&#8243; inner_shadow=&#8221;on&#8221; module_id=&#8221;kontakt&#8221; _builder_version=&#8221;4.10.6&#8243; _module_preset=&#8221;default&#8221; background_color=&#8221;#079fb3&#8243; custom_padding=&#8221;20px||5px|||&#8221; box_shadow_style=&#8221;preset1&#8243; box_shadow_horizontal=&#8221;-20px&#8221; box_shadow_vertical=&#8221;-2px&#8221; box_shadow_blur=&#8221;7px&#8221; box_shadow_spread=&#8221;-1px&#8221; global_module=&#8221;2651&#8243; saved_tabs=&#8221;all&#8221; locked=&#8221;off&#8221; global_colors_info=&#8221;{}&#8221;][et_pb_row column_structure=&#8221;1_2,1_2&#8243; _builder_version=&#8221;4.6.5&#8243; _module_preset=&#8221;default&#8221; global_colors_info=&#8221;{}&#8221;][et_pb_column type=&#8221;1_2&#8243; _builder_version=&#8221;4.5.1&#8243; _module_preset=&#8221;default&#8221; global_colors_info=&#8221;{}&#8221;][et_pb_text _builder_version=&#8221;4.6.5&#8243; _module_preset=&#8221;default&#8221; text_text_color=&#8221;#ffffff&#8221; text_font_size=&#8221;16px&#8221; header_2_font=&#8221;|600|||||||&#8221; header_2_text_color=&#8221;#ffffff&#8221; header_2_font_size=&#8221;33px&#8221; locked=&#8221;off&#8221; global_colors_info=&#8221;{}&#8221;]<\/p>\n<h2>Kontakt<\/h2>\n<p>\u00bbIch stehe f\u00fcr ein Gespr\u00e4ch \u00fcber die Themen, die Sie bewegen, gerne zur Verf\u00fcgung. Sprechen Sie mich jederzeit an &#8211; ich freue mich auf Ihre Kontaktaufnahme.\u00ab<\/p>\n<p>[\/et_pb_text][et_pb_image src=&#8221;https:\/\/lucilius-interim.com\/wp-content\/uploads\/2020\/08\/Kontakt_Scheja-min.jpg&#8221; title_text=&#8221;Kontakt_Scheja-min&#8221; align_tablet=&#8221;left&#8221; align_phone=&#8221;&#8221; align_last_edited=&#8221;on|tablet&#8221; _builder_version=&#8221;4.6.5&#8243; _module_preset=&#8221;default&#8221; width=&#8221;68%&#8221; width_tablet=&#8221;47%&#8221; width_phone=&#8221;100%&#8221; width_last_edited=&#8221;on|phone&#8221; custom_margin=&#8221;2.8%||||false|false&#8221; border_radii=&#8221;on|8px|8px|8px|8px&#8221; box_shadow_style=&#8221;preset3&#8243; locked=&#8221;off&#8221; global_colors_info=&#8221;{}&#8221;][\/et_pb_image][et_pb_code disabled_on=&#8221;on|on|off&#8221; _builder_version=&#8221;4.6.5&#8243; _module_preset=&#8221;default&#8221; locked=&#8221;off&#8221; global_colors_info=&#8221;{}&#8221;]<\/p>\n<div class=\"contact_item cta\" style=\"padding-top: 2%; color:#ffffff!important;\"><i class=\"far fa-envelope\" style=\" color:#ffffff!important;\" ><\/i> ds<!-- [et_pb_line_break_holder] --> [at] lucilius-interim.com<\/div>\n<p><!-- [et_pb_line_break_holder] --><\/p>\n<div class=\"contact_item cta\"><i class=\"fas fa-phone\"><\/i> Festnetz: +49 69 269 209 44  | Mobil: +49 177 33 983 22<!-- [et_pb_line_break_holder] --><\/div>\n<p><!-- [et_pb_line_break_holder] --><\/p>\n<div class=\"contact_item cta\"><i class=\"fas fa-map-marker\"><\/i> Spessartstrasse 17, D-60385 Frankfurt am Main<!-- [et_pb_line_break_holder] --><\/div>\n<p><!-- [et_pb_line_break_holder] --><a href=\"https:\/\/linkedin.com\/in\/dietmar-scheja-1600287\" target=\"_blank\" rel=\"noopener noreferrer\"><\/p>\n<div class=\"contact_item cta\"><i class=\"fab fa-linkedin\"><\/i> Dietmar Scheja auf LinkedIn<\/div>\n<p><\/a><!-- [et_pb_line_break_holder] -->[\/et_pb_code][et_pb_code raw_content_tablet=&#8221;&#8221; raw_content_phone=&#8221;<\/p>\n<div class=%22contact_item cta%22 style=%22padding-top: 2%; color:#ffffff!important;%22><i class=%22far fa-envelope%22 style=%22 color:#ffffff!important;%22 ><\/i> ds%91at%93lucilius-interim.com\n<\/div>\n<div class=%22contact_item cta%22><i class=%22fas fa-phone%22><\/i> Festnetz: +49 69 269 209 44\n<\/div>\n<div class=%22contact_item cta%22 style=%22padding-top:7px; padding-bottom: 7px;%22><i class=%22fas fa-phone%22><\/i> Mobil: +49 177 33 983 22<\/p>\n<div class=%22contact_item cta%22><i class=%22fas fa-map-marker%22><\/i> Spessartstrasse 17, D-60385 Frankfurt am Main\n<\/div>\n<p><a href=%22https:\/\/linkedin.com\/in\/dietmar-scheja-1600287%22 data-et-target-link=%22_blank%22 rel=%22noopener noreferrer%22><\/p>\n<div class=%22contact_item cta%22><i class=%22fab fa-linkedin%22><\/i> Dietmar Scheja auf LinkedIn<\/div>\n<p><\/a><br \/>\n&#8221; raw_content_last_edited=&#8221;on|phone&#8221; disabled_on=&#8221;off|off|on&#8221; _builder_version=&#8221;4.6.5&#8243; _module_preset=&#8221;default&#8221; locked=&#8221;off&#8221; global_colors_info=&#8221;{}&#8221;][\/et_pb_code][\/et_pb_column][et_pb_column type=&#8221;1_2&#8243; _builder_version=&#8221;4.5.1&#8243; _module_preset=&#8221;default&#8221; global_colors_info=&#8221;{}&#8221;][et_pb_contact_form email=&#8221;vincentwinterhager@gmail.com&#8221; success_message=&#8221;Vielen Dank f\u00fcr Ihre Nachricht.&#8221; _builder_version=&#8221;4.10.6&#8243; _module_preset=&#8221;default&#8221; form_field_background_color=&#8221;#FFFFFF&#8221; form_field_text_color=&#8221;#079FB3&#8243; captcha_text_color=&#8221;#FFFFFF&#8221; custom_button=&#8221;on&#8221; button_text_color=&#8221;#079FB3&#8243; button_bg_color=&#8221;#FFFFFF&#8221; button_border_width=&#8221;0px&#8221; button_border_radius=&#8221;5px&#8221; custom_margin=&#8221;150px||||false|false&#8221; custom_margin_tablet=&#8221;&#8221; custom_margin_phone=&#8221;&#8221; custom_margin_last_edited=&#8221;on|desktop&#8221; global_colors_info=&#8221;{}&#8221;][et_pb_contact_field field_id=&#8221;Name&#8221; field_title=&#8221;Name&#8221; _builder_version=&#8221;3.16&#8243; global_colors_info=&#8221;{}&#8221; button_text_size__hover_enabled=&#8221;off&#8221; button_one_text_size__hover_enabled=&#8221;off&#8221; button_two_text_size__hover_enabled=&#8221;off&#8221; button_text_color__hover_enabled=&#8221;off&#8221; button_one_text_color__hover_enabled=&#8221;off&#8221; button_two_text_color__hover_enabled=&#8221;off&#8221; button_border_width__hover_enabled=&#8221;off&#8221; button_one_border_width__hover_enabled=&#8221;off&#8221; button_two_border_width__hover_enabled=&#8221;off&#8221; button_border_color__hover_enabled=&#8221;off&#8221; button_one_border_color__hover_enabled=&#8221;off&#8221; button_two_border_color__hover_enabled=&#8221;off&#8221; button_border_radius__hover_enabled=&#8221;off&#8221; button_one_border_radius__hover_enabled=&#8221;off&#8221; button_two_border_radius__hover_enabled=&#8221;off&#8221; button_letter_spacing__hover_enabled=&#8221;off&#8221; button_one_letter_spacing__hover_enabled=&#8221;off&#8221; button_two_letter_spacing__hover_enabled=&#8221;off&#8221; button_bg_color__hover_enabled=&#8221;off&#8221; button_one_bg_color__hover_enabled=&#8221;off&#8221; button_two_bg_color__hover_enabled=&#8221;off&#8221;][\/et_pb_contact_field][et_pb_contact_field field_id=&#8221;Email&#8221; field_title=&#8221;E-Mail-Adresse&#8221; field_type=&#8221;email&#8221; _builder_version=&#8221;3.16&#8243; global_colors_info=&#8221;{}&#8221; button_text_size__hover_enabled=&#8221;off&#8221; button_one_text_size__hover_enabled=&#8221;off&#8221; button_two_text_size__hover_enabled=&#8221;off&#8221; button_text_color__hover_enabled=&#8221;off&#8221; button_one_text_color__hover_enabled=&#8221;off&#8221; button_two_text_color__hover_enabled=&#8221;off&#8221; button_border_width__hover_enabled=&#8221;off&#8221; button_one_border_width__hover_enabled=&#8221;off&#8221; button_two_border_width__hover_enabled=&#8221;off&#8221; button_border_color__hover_enabled=&#8221;off&#8221; button_one_border_color__hover_enabled=&#8221;off&#8221; button_two_border_color__hover_enabled=&#8221;off&#8221; button_border_radius__hover_enabled=&#8221;off&#8221; button_one_border_radius__hover_enabled=&#8221;off&#8221; button_two_border_radius__hover_enabled=&#8221;off&#8221; button_letter_spacing__hover_enabled=&#8221;off&#8221; button_one_letter_spacing__hover_enabled=&#8221;off&#8221; button_two_letter_spacing__hover_enabled=&#8221;off&#8221; button_bg_color__hover_enabled=&#8221;off&#8221; button_one_bg_color__hover_enabled=&#8221;off&#8221; button_two_bg_color__hover_enabled=&#8221;off&#8221;][\/et_pb_contact_field][et_pb_contact_field field_id=&#8221;Message&#8221; field_title=&#8221;Nachricht&#8221; field_type=&#8221;text&#8221; fullwidth_field=&#8221;on&#8221; _builder_version=&#8221;3.16&#8243; global_colors_info=&#8221;{}&#8221; button_text_size__hover_enabled=&#8221;off&#8221; button_one_text_size__hover_enabled=&#8221;off&#8221; button_two_text_size__hover_enabled=&#8221;off&#8221; button_text_color__hover_enabled=&#8221;off&#8221; button_one_text_color__hover_enabled=&#8221;off&#8221; button_two_text_color__hover_enabled=&#8221;off&#8221; button_border_width__hover_enabled=&#8221;off&#8221; button_one_border_width__hover_enabled=&#8221;off&#8221; button_two_border_width__hover_enabled=&#8221;off&#8221; button_border_color__hover_enabled=&#8221;off&#8221; button_one_border_color__hover_enabled=&#8221;off&#8221; button_two_border_color__hover_enabled=&#8221;off&#8221; button_border_radius__hover_enabled=&#8221;off&#8221; button_one_border_radius__hover_enabled=&#8221;off&#8221; button_two_border_radius__hover_enabled=&#8221;off&#8221; button_letter_spacing__hover_enabled=&#8221;off&#8221; button_one_letter_spacing__hover_enabled=&#8221;off&#8221; button_two_letter_spacing__hover_enabled=&#8221;off&#8221; button_bg_color__hover_enabled=&#8221;off&#8221; button_one_bg_color__hover_enabled=&#8221;off&#8221; button_two_bg_color__hover_enabled=&#8221;off&#8221;][\/et_pb_contact_field][\/et_pb_contact_form][\/et_pb_column][\/et_pb_row][\/et_pb_section]<\/p>\n","protected":false},"excerpt":{"rendered":"<p>Blog\u00a0 \u00bb Hier finden Sie Meinungen, Ideen und Programmatisches zum Themenkreis Finanzielle F\u00fchrung \u2013 Restrukturierung \u2013 Finance Upgrade &amp; Transformation und zu angrenzenden unternehmerischen Fachgebieten. \u00abKontakt \u00bbIch stehe f\u00fcr ein Gespr\u00e4ch \u00fcber die Themen, die Sie bewegen, gerne zur Verf\u00fcgung. Sprechen Sie mich jederzeit an &#8211; ich freue mich auf Ihre Kontaktaufnahme.\u00ab ds [at] lucilius-interim.com Festnetz: +49 69 269 209 44 | Mobil: +49 177 33 983 22 Spessartstrasse 17, D-60385 Frankfurt am Main Dietmar Scheja auf LinkedIn<\/p>\n","protected":false},"author":1,"featured_media":0,"parent":0,"menu_order":0,"comment_status":"closed","ping_status":"closed","template":"","meta":{"_acf_changed":false,"_et_pb_use_builder":"on","_et_pb_old_content":"","_et_gb_content_width":"","footnotes":""},"class_list":["post-2909","page","type-page","status-publish","hentry"],"acf":[],"_links":{"self":[{"href":"https:\/\/lucilius-interim.com\/en\/wp-json\/wp\/v2\/pages\/2909","targetHints":{"allow":["GET"]}}],"collection":[{"href":"https:\/\/lucilius-interim.com\/en\/wp-json\/wp\/v2\/pages"}],"about":[{"href":"https:\/\/lucilius-interim.com\/en\/wp-json\/wp\/v2\/types\/page"}],"author":[{"embeddable":true,"href":"https:\/\/lucilius-interim.com\/en\/wp-json\/wp\/v2\/users\/1"}],"replies":[{"embeddable":true,"href":"https:\/\/lucilius-interim.com\/en\/wp-json\/wp\/v2\/comments?post=2909"}],"version-history":[{"count":1,"href":"https:\/\/lucilius-interim.com\/en\/wp-json\/wp\/v2\/pages\/2909\/revisions"}],"predecessor-version":[{"id":4682,"href":"https:\/\/lucilius-interim.com\/en\/wp-json\/wp\/v2\/pages\/2909\/revisions\/4682"}],"wp:attachment":[{"href":"https:\/\/lucilius-interim.com\/en\/wp-json\/wp\/v2\/media?parent=2909"}],"curies":[{"name":"wp","href":"https:\/\/api.w.org\/{rel}","templated":true}]}}