{"id":2320,"date":"2020-08-27T15:56:12","date_gmt":"2020-08-27T15:56:12","guid":{"rendered":"http:\/\/lucilius-interim.de\/?page_id=2320"},"modified":"2023-09-10T10:54:18","modified_gmt":"2023-09-10T10:54:18","slug":"projekte","status":"publish","type":"page","link":"https:\/\/lucilius-interim.com\/en\/projects\/","title":{"rendered":"Projects"},"content":{"rendered":"<p>[et_pb_section fb_built=&#8221;1&#8243; admin_label=&#8221;Hero&#8221; _builder_version=&#8221;4.16&#8243; background_enable_color=&#8221;off&#8221; use_background_color_gradient=&#8221;on&#8221; background_color_gradient_direction=&#8221;138deg&#8221; background_color_gradient_stops=&#8221;rgba(0,0,0,0.8) 0%|rgba(0,0,0,0) 100%&#8221; background_color_gradient_overlays_image=&#8221;on&#8221; background_color_gradient_start=&#8221;rgba(0,0,0,0.8)&#8221; background_color_gradient_end=&#8221;rgba(0,0,0,0)&#8221; background_image=&#8221;https:\/\/lucilius-interim.com\/wp-content\/uploads\/2020\/08\/Eingang_Scheja-min.jpg&#8221; background_position=&#8221;top_right&#8221; custom_padding=&#8221;150px|0px|83px|0px|false|false&#8221; animation_style=&#8221;slide&#8221; animation_direction=&#8221;top&#8221; animation_intensity_slide=&#8221;2%&#8221; background_last_edited=&#8221;on|phone&#8221; background_color_gradient_stops_tablet=&#8221;#079fb3 0%|#079fb3 100%&#8221; background_color_gradient_stops_phone=&#8221;#079fb3 0%|#079fb3 100%&#8221; background_color_gradient_start_tablet=&#8221;#079fb3&#8243; background_color_gradient_start_phone=&#8221;#079fb3&#8243; background_color_gradient_end_tablet=&#8221;#079fb3&#8243; background_color_gradient_end_phone=&#8221;#079fb3&#8243; locked=&#8221;off&#8221; global_colors_info=&#8221;{}&#8221; null_phone=&#8221;#079fb3&#8243;][et_pb_row column_structure=&#8221;3_5,2_5&#8243; use_custom_gutter=&#8221;on&#8221; gutter_width=&#8221;2&#8243; _builder_version=&#8221;4.16&#8243; background_size=&#8221;initial&#8221; background_position=&#8221;top_left&#8221; background_repeat=&#8221;repeat&#8221; min_height=&#8221;92px&#8221; custom_margin=&#8221;-95px|auto||auto||&#8221; custom_padding=&#8221;16px||1px|||&#8221; custom_width_px=&#8221;1280px&#8221; global_colors_info=&#8221;{}&#8221;][et_pb_column type=&#8221;3_5&#8243; _builder_version=&#8221;4.16&#8243; custom_padding=&#8221;|||&#8221; global_colors_info=&#8221;{}&#8221; custom_padding__hover=&#8221;|||&#8221;][et_pb_text _builder_version=&#8221;4.22.1&#8243; _module_preset=&#8221;default&#8221; text_text_color=&#8221;rgba(255,255,255,0.82)&#8221; text_font_size=&#8221;17px&#8221; text_line_height=&#8221;1.8em&#8221; header_font=&#8221;|600|||||||&#8221; header_text_color=&#8221;#ffffff&#8221; header_font_size=&#8221;49px&#8221; header_2_font=&#8221;||||||||&#8221; header_2_text_color=&#8221;#bababa&#8221; width=&#8221;85%&#8221; custom_margin=&#8221;||5%||false|false&#8221; custom_padding=&#8221;50px|||||&#8221; hover_enabled=&#8221;0&#8243; global_colors_info=&#8221;{}&#8221; sticky_enabled=&#8221;0&#8243;]<\/p>\n<h1>Meine Projekte<\/h1>\n<p>\u00bb Projektarbeit ist das wichtigste Mittel zur Grenzverschiebung, ganz gleich, ob es um Effizienz, Effektivit\u00e4t, neue F\u00e4higkeiten, M&amp;A oder Wachstum geht. \u00ab<\/p>\n<p>[\/et_pb_text][et_pb_button button_url=&#8221;#mehr_erfahren&#8221; button_text=&#8221;Alle Projekte ansehen&#8221; _builder_version=&#8221;4.16&#8243; _module_preset=&#8221;default&#8221; button_text_color=&#8221;#ffffff&#8221; button_bg_color=&#8221;#079fb3&#8243; button_font=&#8221;|600|||||||&#8221; button_icon=&#8221;&#x33;||divi||400&#8243; button_text_color_tablet=&#8221;#079fb3&#8243; button_text_color_phone=&#8221;#079fb3&#8243; button_text_color_last_edited=&#8221;on|phone&#8221; button_bg_color_tablet=&#8221;#ffffff&#8221; button_bg_color_phone=&#8221;#ffffff&#8221; button_bg_color_last_edited=&#8221;on|phone&#8221; button_bg_enable_color_tablet=&#8221;on&#8221; button_bg_enable_color_phone=&#8221;on&#8221; global_colors_info=&#8221;{}&#8221;][\/et_pb_button][\/et_pb_column][et_pb_column type=&#8221;2_5&#8243; _builder_version=&#8221;4.16&#8243; custom_padding=&#8221;|||&#8221; global_colors_info=&#8221;{}&#8221; custom_padding__hover=&#8221;|||&#8221;][\/et_pb_column][\/et_pb_row][\/et_pb_section][et_pb_section fb_built=&#8221;1&#8243; module_id=&#8221;mehr_erfahren&#8221; _builder_version=&#8221;4.16&#8243; _module_preset=&#8221;default&#8221; custom_padding=&#8221;0px|||||&#8221; global_colors_info=&#8221;{}&#8221;][et_pb_row disabled_on=&#8221;on|on|off&#8221; _builder_version=&#8221;4.16&#8243; _module_preset=&#8221;default&#8221; global_colors_info=&#8221;{}&#8221;][et_pb_column type=&#8221;4_4&#8243; _builder_version=&#8221;4.16&#8243; _module_preset=&#8221;default&#8221; global_colors_info=&#8221;{}&#8221;][et_pb_text _builder_version=&#8221;4.16&#8243; _module_preset=&#8221;default&#8221; header_2_font=&#8221;|600|||||||&#8221; header_2_font_size=&#8221;33px&#8221; custom_margin=&#8221;|||13px|false|false&#8221; custom_margin_tablet=&#8221;15%||||false|false&#8221; custom_margin_phone=&#8221;15%||||false|false&#8221; custom_margin_last_edited=&#8221;on|tablet&#8221; global_colors_info=&#8221;{}&#8221;]<\/p>\n<h2>Filtern Sie hier alle Projekte<\/h2>\n<p>[\/et_pb_text][et_pb_text _builder_version=&#8221;4.16&#8243; _module_preset=&#8221;default&#8221; custom_margin=&#8221;-32px|||||&#8221; global_colors_info=&#8221;{}&#8221;]<br \/>\n <div class=\"wpdt-c\">\n    <div class=\"alert alert-danger m-10\" role=\"alert\">\n        <span class=\"wdt-alert-title f-600\">Error<br><\/span>\n        <span class=\"wdt-alert-subtitle\">You are trying to load a table of an unknown type. Probably you did not activate the addon which is required to use this table type.<\/span>\n    <\/div>\n<\/div> [\/et_pb_text][et_pb_code _builder_version=&#8221;4.22.1&#8243; _module_preset=&#8221;default&#8221; global_colors_info=&#8221;{}&#8221;]<script>jQuery('input[type=search]').attr('placeholder', 'hello' );<!-- [et_pb_line_break_holder] --><\/script>[\/et_pb_code][et_pb_button button_url=&#8221;https:\/\/lucilius-interim.com\/wp-content\/uploads\/2023\/09\/Alle-Projekte-Sep-2023-Lucilius-Interim-DE.pdf&#8221; button_text=&#8221;Projekt-Liste herunterladen&#8221; disabled_on=&#8221;on|on|off&#8221; _builder_version=&#8221;4.22.1&#8243; _module_preset=&#8221;default&#8221; button_text_color=&#8221;#ffffff&#8221; button_bg_color=&#8221;#079fb3&#8243; button_font=&#8221;|600|||||||&#8221; button_icon=&#8221;&#xe004;||divi||400&#8243; custom_margin=&#8221;|||15px|false|false&#8221; button_text_color_tablet=&#8221;#079fb3&#8243; button_text_color_phone=&#8221;#ffffff&#8221; button_text_color_last_edited=&#8221;on|phone&#8221; button_bg_color_tablet=&#8221;#ffffff&#8221; button_bg_color_phone=&#8221;#079fb3&#8243; button_bg_color_last_edited=&#8221;on|phone&#8221; button_bg_enable_color_tablet=&#8221;on&#8221; button_bg_enable_color_phone=&#8221;on&#8221; locked=&#8221;off&#8221; global_colors_info=&#8221;{}&#8221;][\/et_pb_button][\/et_pb_column][\/et_pb_row][et_pb_row disabled_on=&#8221;off|off|on&#8221; _builder_version=&#8221;4.16&#8243; _module_preset=&#8221;default&#8221; global_colors_info=&#8221;{}&#8221;][et_pb_column type=&#8221;4_4&#8243; _builder_version=&#8221;4.16&#8243; _module_preset=&#8221;default&#8221; global_colors_info=&#8221;{}&#8221;][et_pb_text _builder_version=&#8221;4.16&#8243; _module_preset=&#8221;default&#8221; header_2_font=&#8221;|600|||||||&#8221; header_2_font_size=&#8221;28px&#8221; custom_margin_tablet=&#8221;&#8221; custom_margin_phone=&#8221;14%||||false|false&#8221; custom_margin_last_edited=&#8221;on|phone&#8221; global_colors_info=&#8221;{}&#8221;]<\/p>\n<h2>Laden Sie sich eine Liste all meiner Projekte herunter:<\/h2>\n<p>[\/et_pb_text][et_pb_button button_url=&#8221;https:\/\/lucilius-interim.com\/wp-content\/uploads\/2023\/09\/Alle-Projekte-Sep-2023-Lucilius-Interim-DE.pdf&#8221; button_text=&#8221;Projekt-Liste herunterladen&#8221; _builder_version=&#8221;4.22.1&#8243; _module_preset=&#8221;default&#8221; button_text_color=&#8221;#ffffff&#8221; button_bg_color=&#8221;#079fb3&#8243; button_font=&#8221;|600|||||||&#8221; button_icon=&#8221;&#xe004;||divi||400&#8243; button_text_color_tablet=&#8221;#079fb3&#8243; button_text_color_phone=&#8221;#ffffff&#8221; button_text_color_last_edited=&#8221;on|phone&#8221; button_bg_color_tablet=&#8221;#ffffff&#8221; button_bg_color_phone=&#8221;#079fb3&#8243; button_bg_color_last_edited=&#8221;on|phone&#8221; button_bg_enable_color_tablet=&#8221;on&#8221; button_bg_enable_color_phone=&#8221;on&#8221; locked=&#8221;off&#8221; global_colors_info=&#8221;{}&#8221;][\/et_pb_button][\/et_pb_column][\/et_pb_row][\/et_pb_section][et_pb_section fb_built=&#8221;1&#8243; inner_shadow=&#8221;on&#8221; module_id=&#8221;kontakt&#8221; _builder_version=&#8221;4.10.8&#8243; _module_preset=&#8221;default&#8221; background_color=&#8221;#079fb3&#8243; custom_padding=&#8221;20px||5px|||&#8221; box_shadow_style=&#8221;preset1&#8243; box_shadow_horizontal=&#8221;-20px&#8221; box_shadow_vertical=&#8221;-2px&#8221; box_shadow_blur=&#8221;7px&#8221; box_shadow_spread=&#8221;-1px&#8221; global_module=&#8221;2651&#8243; saved_tabs=&#8221;all&#8221; locked=&#8221;off&#8221; global_colors_info=&#8221;{}&#8221;][et_pb_row column_structure=&#8221;1_2,1_2&#8243; _builder_version=&#8221;4.16&#8243; _module_preset=&#8221;default&#8221; global_colors_info=&#8221;{}&#8221;][et_pb_column type=&#8221;1_2&#8243; _builder_version=&#8221;4.16&#8243; _module_preset=&#8221;default&#8221; global_colors_info=&#8221;{}&#8221;][et_pb_text _builder_version=&#8221;4.16&#8243; _module_preset=&#8221;default&#8221; text_text_color=&#8221;#ffffff&#8221; text_font_size=&#8221;16px&#8221; header_2_font=&#8221;|600|||||||&#8221; header_2_text_color=&#8221;#ffffff&#8221; header_2_font_size=&#8221;33px&#8221; locked=&#8221;off&#8221; global_colors_info=&#8221;{}&#8221;]<\/p>\n<h2>Kontakt<\/h2>\n<p>\u00bbIch stehe f\u00fcr ein Gespr\u00e4ch \u00fcber die Themen, die Sie bewegen, gerne zur Verf\u00fcgung. Sprechen Sie mich jederzeit an &#8211; ich freue mich auf Ihre Kontaktaufnahme.\u00ab<\/p>\n<p>[\/et_pb_text][et_pb_image src=&#8221;https:\/\/lucilius-interim.com\/wp-content\/uploads\/2021\/11\/Dietmar_Scheja_Lucilius_Interim_Kontakt.jpg&#8221; title_text=&#8221;Dietmar_Scheja_Lucilius_Interim_Kontakt&#8221; align_tablet=&#8221;left&#8221; align_phone=&#8221;&#8221; align_last_edited=&#8221;on|tablet&#8221; _builder_version=&#8221;4.16&#8243; _module_preset=&#8221;default&#8221; width=&#8221;68%&#8221; width_tablet=&#8221;47%&#8221; width_phone=&#8221;100%&#8221; width_last_edited=&#8221;on|phone&#8221; custom_margin=&#8221;2.8%||||false|false&#8221; border_radii=&#8221;on|8px|8px|8px|8px&#8221; box_shadow_style=&#8221;preset3&#8243; locked=&#8221;off&#8221; global_colors_info=&#8221;{}&#8221;][\/et_pb_image][et_pb_code disabled_on=&#8221;on|on|off&#8221; _builder_version=&#8221;4.16&#8243; _module_preset=&#8221;default&#8221; locked=&#8221;off&#8221; global_colors_info=&#8221;{}&#8221;]<\/p>\n<div class=\"contact_item cta\" style=\"padding-top: 2%; color:#ffffff!important;\"><i class=\"far fa-envelope\" style=\" color:#ffffff!important;\" ><\/i> ds<!-- [et_pb_line_break_holder] --> [at] lucilius-interim.com<\/div>\n<p><!-- [et_pb_line_break_holder] --><\/p>\n<div class=\"contact_item cta\"><i class=\"fas fa-phone\"><\/i> Festnetz: +49 69 269 209 44  | Mobil: +49 177 33 983 22<!-- [et_pb_line_break_holder] --><\/div>\n<p><!-- [et_pb_line_break_holder] --><\/p>\n<div class=\"contact_item cta\"><i class=\"fas fa-map-marker\"><\/i> Spessartstrasse 17, D-60385 Frankfurt am Main<!-- [et_pb_line_break_holder] --><\/div>\n<p><!-- [et_pb_line_break_holder] --><a href=\"https:\/\/linkedin.com\/in\/dietmar-scheja-1600287\" target=\"_blank\" rel=\"noopener noreferrer\"><\/p>\n<div class=\"contact_item cta\"><i class=\"fab fa-linkedin\"><\/i> Dietmar Scheja auf LinkedIn<\/div>\n<p><\/a><!-- [et_pb_line_break_holder] -->[\/et_pb_code][et_pb_code raw_content_tablet=&#8221;&#8221; raw_content_phone=&#8221;<\/p>\n<div class=%22contact_item cta%22 style=%22padding-top: 2%; color:#ffffff!important;%22><i class=%22far fa-envelope%22 style=%22 color:#ffffff!important;%22 ><\/i> ds%91at%93lucilius-interim.com\n<\/div>\n<div class=%22contact_item cta%22><i class=%22fas fa-phone%22><\/i> Festnetz: +49 69 269 209 44\n<\/div>\n<div class=%22contact_item cta%22 style=%22padding-top:7px; padding-bottom: 7px;%22><i class=%22fas fa-phone%22><\/i> Mobil: +49 177 33 983 22<\/p>\n<div class=%22contact_item cta%22><i class=%22fas fa-map-marker%22><\/i> Spessartstrasse 17, D-60385 Frankfurt am Main\n<\/div>\n<p><a href=%22https:\/\/linkedin.com\/in\/dietmar-scheja-1600287%22 data-et-target-link=%22_blank%22 rel=%22noopener noreferrer%22><\/p>\n<div class=%22contact_item cta%22><i class=%22fab fa-linkedin%22><\/i> Dietmar Scheja auf LinkedIn<\/div>\n<p><\/a><br \/>\n&#8221; raw_content_last_edited=&#8221;on|phone&#8221; disabled_on=&#8221;off|off|on&#8221; _builder_version=&#8221;4.16&#8243; _module_preset=&#8221;default&#8221; locked=&#8221;off&#8221; global_colors_info=&#8221;{}&#8221;][\/et_pb_code][\/et_pb_column][et_pb_column type=&#8221;1_2&#8243; _builder_version=&#8221;4.16&#8243; _module_preset=&#8221;default&#8221; global_colors_info=&#8221;{}&#8221;][wpforms_selector form_id=&#8221;5121&#8243; show_title=&#8221;off&#8221; _builder_version=&#8221;4.18.0&#8243; _module_preset=&#8221;default&#8221; custom_margin=&#8221;150px||||false|false&#8221; custom_margin_tablet=&#8221;&#8221; custom_margin_phone=&#8221;10px||||false|false&#8221; custom_margin_last_edited=&#8221;on|phone&#8221; global_colors_info=&#8221;{}&#8221;][\/wpforms_selector][\/et_pb_column][\/et_pb_row][\/et_pb_section]<\/p>\n","protected":false},"excerpt":{"rendered":"<p>Meine Projekte \u00bb Projektarbeit ist das wichtigste Mittel zur Grenzverschiebung, ganz gleich, ob es um Effizienz, Effektivit\u00e4t, neue F\u00e4higkeiten, M&amp;A oder Wachstum geht. \u00abFiltern Sie hier alle Projekte  <div class=\"wpdt-c\">\n    <div class=\"alert alert-danger m-10\" role=\"alert\">\n        <span class=\"wdt-alert-title f-600\">Error<br><\/span>\n        <span class=\"wdt-alert-subtitle\">You are trying to load a table of an unknown type. Probably you did not activate the addon which is required to use this table type.<\/span>\n    <\/div>\n<\/div> Laden Sie sich eine Liste all meiner Projekte herunter:Kontakt \u00bbIch stehe f\u00fcr ein Gespr\u00e4ch \u00fcber die Themen, die Sie bewegen, gerne zur Verf\u00fcgung. Sprechen Sie mich jederzeit an &#8211; ich freue mich auf Ihre Kontaktaufnahme.\u00ab ds [at] lucilius-interim.com Festnetz: +49 69 269 209 44 | Mobil: +49 177 33 983 22 Spessartstrasse 17, D-60385 Frankfurt am Main Dietmar Scheja auf LinkedIn<div class=\"et_pb_module wpforms_selector wpforms_selector_0\">\n\t\t\t\t\n\t\t\t\t\n\t\t\t\t\n\t\t\t\t\n\t\t\t\t\n\t\t\t\t\n\t\t\t\t<div class=\"et_pb_module_inner\">\n\t\t\t\t\t<div class=\"wpforms-container wpforms-container-full\" id=\"wpforms-5121\"><form id=\"wpforms-form-5121\" class=\"wpforms-validate wpforms-form wpforms-ajax-form\" data-formid=\"5121\" method=\"post\" enctype=\"multipart\/form-data\" action=\"\/en\/wp-json\/wp\/v2\/pages\/2320\" data-token=\"6bb6e1124c39b4683c0425b35da70d97\" data-token-time=\"1775519876\"><noscript class=\"wpforms-error-noscript\">Please enable JavaScript in your browser to complete this form.<\/noscript><div class=\"wpforms-field-container\"><div id=\"wpforms-5121-field_1-container\" class=\"wpforms-field wpforms-field-email wpforms-one-half wpforms-first\" data-field-id=\"1\"><label class=\"wpforms-field-label\" for=\"wpforms-5121-field_1\">Mail-Adresse <span class=\"wpforms-required-label\">*<\/span><\/label><input type=\"email\" id=\"wpforms-5121-field_1\" class=\"wpforms-field-large wpforms-field-required\" name=\"wpforms[fields][1]\" spellcheck=\"false\" required><\/div><div id=\"wpforms-5121-field_0-container\" class=\"wpforms-field wpforms-field-name wpforms-one-half\" data-field-id=\"0\"><label class=\"wpforms-field-label\" for=\"wpforms-5121-field_0\">Name <span class=\"wpforms-required-label\">*<\/span><\/label><input type=\"text\" id=\"wpforms-5121-field_0\" class=\"wpforms-field-large wpforms-field-required\" name=\"wpforms[fields][0]\" required><\/div><div id=\"wpforms-5121-field_2-container\" class=\"wpforms-field wpforms-field-textarea\" data-field-id=\"2\"><label class=\"wpforms-field-label\" for=\"wpforms-5121-field_2\">Ihe Nachricht <span class=\"wpforms-required-label\">*<\/span><\/label><textarea id=\"wpforms-5121-field_2\" class=\"wpforms-field-medium wpforms-field-required\" name=\"wpforms[fields][2]\" required><\/textarea><\/div><\/div><!-- .wpforms-field-container --><div class=\"wpforms-submit-container\" ><input type=\"hidden\" name=\"wpforms[id]\" value=\"5121\"><input type=\"hidden\" name=\"page_title\" value=\"\"><input type=\"hidden\" name=\"page_url\" value=\"https:\/\/lucilius-interim.com\/en\/wp-json\/wp\/v2\/pages\/2320\"><input type=\"hidden\" name=\"url_referer\" value=\"\"><button type=\"submit\" name=\"wpforms[submit]\" id=\"wpforms-submit-5121\" class=\"wpforms-submit\" data-alt-text=\"Ihre Nachricht wird gesendet...\" data-submit-text=\"Abschicken\" aria-live=\"assertive\" value=\"wpforms-submit\">Abschicken<\/button><img loading=\"lazy\" decoding=\"async\" src=\"https:\/\/lucilius-interim.com\/wp-content\/plugins\/wpforms-lite\/assets\/images\/submit-spin.svg\" class=\"wpforms-submit-spinner\" style=\"display: none;\" width=\"26\" height=\"26\" alt=\"Loading\"><\/div><\/form><\/div>  <!-- .wpforms-container -->\n\t\t\t\t<\/div>\n\t\t\t<\/div><\/p>\n","protected":false},"author":1,"featured_media":0,"parent":0,"menu_order":0,"comment_status":"closed","ping_status":"closed","template":"","meta":{"_acf_changed":false,"_et_pb_use_builder":"on","_et_pb_old_content":"","_et_gb_content_width":"","footnotes":""},"class_list":["post-2320","page","type-page","status-publish","hentry"],"acf":[],"_links":{"self":[{"href":"https:\/\/lucilius-interim.com\/en\/wp-json\/wp\/v2\/pages\/2320","targetHints":{"allow":["GET"]}}],"collection":[{"href":"https:\/\/lucilius-interim.com\/en\/wp-json\/wp\/v2\/pages"}],"about":[{"href":"https:\/\/lucilius-interim.com\/en\/wp-json\/wp\/v2\/types\/page"}],"author":[{"embeddable":true,"href":"https:\/\/lucilius-interim.com\/en\/wp-json\/wp\/v2\/users\/1"}],"replies":[{"embeddable":true,"href":"https:\/\/lucilius-interim.com\/en\/wp-json\/wp\/v2\/comments?post=2320"}],"version-history":[{"count":7,"href":"https:\/\/lucilius-interim.com\/en\/wp-json\/wp\/v2\/pages\/2320\/revisions"}],"predecessor-version":[{"id":5366,"href":"https:\/\/lucilius-interim.com\/en\/wp-json\/wp\/v2\/pages\/2320\/revisions\/5366"}],"wp:attachment":[{"href":"https:\/\/lucilius-interim.com\/en\/wp-json\/wp\/v2\/media?parent=2320"}],"curies":[{"name":"wp","href":"https:\/\/api.w.org\/{rel}","templated":true}]}}